{"id":2219,"date":"2025-07-22T16:10:05","date_gmt":"2025-07-22T16:10:05","guid":{"rendered":"https:\/\/juifi.gal\/?page_id=2219"},"modified":"2025-12-18T14:51:14","modified_gmt":"2025-12-18T14:51:14","slug":"so-quero-fibra","status":"publish","type":"page","link":"https:\/\/juifi.gal\/es\/so-quero-fibra\/","title":{"rendered":"Solo quiero fibra"},"content":{"rendered":"<div data-elementor-type=\"wp-page\" data-elementor-id=\"2219\" class=\"elementor elementor-2219\" data-elementor-post-type=\"page\">\n\t\t\t\t<div class=\"elementor-element elementor-element-1679c9e e-con-full e-flex e-con e-parent\" data-id=\"1679c9e\" data-element_type=\"container\" data-settings=\"{&quot;background_background&quot;:&quot;classic&quot;,&quot;_ha_eqh_enable&quot;:false}\">\n\t\t<div class=\"elementor-element elementor-element-f26fcf0 e-con-full e-flex e-con e-child\" data-id=\"f26fcf0\" data-element_type=\"container\" data-settings=\"{&quot;_ha_eqh_enable&quot;:false}\">\n\t\t<div class=\"elementor-element elementor-element-db8ca6d e-con-full e-flex e-con e-child\" data-id=\"db8ca6d\" data-element_type=\"container\" data-settings=\"{&quot;_ha_eqh_enable&quot;:false}\">\n\t\t<div class=\"elementor-element elementor-element-ad1e02d e-con-full e-flex e-con e-child\" data-id=\"ad1e02d\" data-element_type=\"container\" data-settings=\"{&quot;_ha_eqh_enable&quot;:false}\">\n\t\t\t\t<div class=\"elementor-element elementor-element-567958f elementor-widget elementor-widget-heading\" data-id=\"567958f\" data-element_type=\"widget\" data-widget_type=\"heading.default\">\n\t\t\t\t<div class=\"elementor-widget-container\">\n\t\t\t\t\t<h2 class=\"elementor-heading-title elementor-size-default\">JUIFI Fibra<\/h2>\t\t\t\t<\/div>\n\t\t\t\t<\/div>\n\t\t\t\t<div class=\"elementor-element elementor-element-0c49dee elementor-widget elementor-widget-text-editor\" data-id=\"0c49dee\" data-element_type=\"widget\" data-widget_type=\"text-editor.default\">\n\t\t\t\t<div class=\"elementor-widget-container\">\n\t\t\t\t\t\t\t\t\t<p>Tel\u00e9fono fijo<\/p>\t\t\t\t\t\t\t\t<\/div>\n\t\t\t\t<\/div>\n\t\t\t\t<div class=\"elementor-element elementor-element-3f60ef5 elementor-widget-mobile__width-initial elementor-widget elementor-widget-heading\" data-id=\"3f60ef5\" data-element_type=\"widget\" data-widget_type=\"heading.default\">\n\t\t\t\t<div class=\"elementor-widget-container\">\n\t\t\t\t\t<h2 class=\"elementor-heading-title elementor-size-default\">Elige tu fibra<\/h2>\t\t\t\t<\/div>\n\t\t\t\t<\/div>\n\t\t\t\t<\/div>\n\t\t\t\t<div class=\"elementor-element elementor-element-3767110 elementor-widget elementor-widget-html\" data-id=\"3767110\" data-element_type=\"widget\" data-widget_type=\"html.default\">\n\t\t\t\t<div class=\"elementor-widget-container\">\n\t\t\t\t\t<link href=\"https:\/\/juifi.gal\/wp-content\/uploads\/2025\/05\/NeueHaasDisplayRoman.ttf\" rel=\"stylesheet\" type=\"font\/ttf\">\n<link href=\"https:\/\/juifi.gal\/wp-content\/uploads\/2025\/05\/NeueHaasDisplayMediu.ttf\" rel=\"stylesheet\" type=\"font\/ttf\">\n\n<style>\n  @font-face {\n    font-family: 'Neue Haas Grotesk Display';\n    src: url('https:\/\/juifi.gal\/wp-content\/uploads\/2025\/05\/NeueHaasDisplayRoman.ttf') format('truetype');\n    font-weight: 400;\n    font-style: normal;\n  }\n\n  @font-face {\n    font-family: 'Neue Haas Grotesk Display';\n    src: url('https:\/\/juifi.gal\/wp-content\/uploads\/2025\/05\/NeueHaasDisplayMediu.ttf') format('truetype');\n    font-weight: 700;\n    font-style: normal;\n  }\n\n  .configurator3 {\n    font-family: 'Neue Haas Grotesk Display', sans-serif;\n    color: white;\n    max-width: 310px;\n  }\n\n  .configurator3 h2 {\n    margin-bottom: 10px;\n    font-size: 1.2em;\n  }\n\n  .options-3 {\n    display: flex;\n    flex-wrap: wrap;\n    gap: 8px;\n    margin-bottom: 16px;\n    padding: 0;\n    justify-content: flex-start;\n  }\n\n  .option-button-3 {\n    flex: 0 0 calc(50% - 4px);\n    padding: 0 12px;\n    height: 36px;\n    background: white;\n    color: #3A3A3A;\n    font-size: 1.6em;\n    font-weight: 700;\n    border: none;\n    cursor: pointer;\n    transition: background 0.2s;\n    border-radius: 0;\n    text-align: center;\n    display: flex;\n    align-items: center;\n    justify-content: center;\n    min-width: 0;\n    font-family: 'Neue Haas Grotesk Display', sans-serif;\n  }\n\n  .option-button-3 span {\n    font-family: 'Neue Haas Grotesk Display', sans-serif;\n    font-weight: 400;\n    font-size: 0.6em;\n    margin-left: 2px;\n    position: relative;\n    margin-top: 8px;\n  }\n\n  .option-button-3.illimitado {\n    font-size: 1.2em;\n    padding: 0 10px;\n    font-weight: 700;\n    line-height: 1.1;\n  }\n\n  .option-button-3.active {\n    background: #3A3A3A;\n    color: white;\n  }\n\n  .option-button-3:hover:not(.active) {\n    background: rgba(255, 255, 255, 0.8);\n    color: #3A3A3A;\n  }\n\n  @media (max-width: 480px) {\n    .configurator3 {\n      max-width: 100%;\n      padding: 0;\n    }\n\n    .option-button-3 {\n      flex: 0 0 calc(50% - 4px);\n    }\n  }\n<\/style>\n\n<div class=\"configurator3\">\n  <div class=\"options-3\" id=\"movil-options-3\">\n    <button class=\"option-button-3 active\" data-value=\"600\">600<span>MB<\/span><\/button>\n    <button class=\"option-button-3\" data-value=\"1000\">1<span>GB<\/span><\/button>\n  <\/div>\n<\/div>\n\n<script>\n  function animatePriceChange3(newPrice) {\n    const numeroContainer = document.getElementById('precio-numero-3');\n    if (!numeroContainer) return;\n    numeroContainer.innerHTML = '';\n\n    const digits = newPrice.toString().split('');\n    digits.forEach((digit, index) => {\n      const span = document.createElement('span');\n      span.classList.add('digit-3', 'animate-3');\n      span.style.animationDelay = `${index * 80}ms`;\n      span.textContent = digit;\n      numeroContainer.appendChild(span);\n    });\n  }\n\n  const movilOptions3 = document.querySelectorAll('#movil-options-3 .option-button-3');\n\n  const prices3 = {\n    '600': 25,\n    '1000': 33\n  };\n\n  function updateActive3(buttons, selected) {\n    buttons.forEach(btn => btn.classList.remove('active'));\n    selected.classList.add('active');\n  }\n\n  function updatePrice3() {\n    const movil = document.querySelector('#movil-options-3 .active').dataset.value;\n    const price = prices3[movil];\n    animatePriceChange3(price);\n  }\n\n  movilOptions3.forEach(button => {\n    button.addEventListener('click', () => {\n      updateActive3(movilOptions3, button);\n      updatePrice3();\n    });\n  });\n\n  document.addEventListener('DOMContentLoaded', updatePrice3);\n<\/script>\t\t\t\t<\/div>\n\t\t\t\t<\/div>\n\t\t<div class=\"elementor-element elementor-element-13c9cba e-con-full e-flex e-con e-child\" data-id=\"13c9cba\" data-element_type=\"container\" data-settings=\"{&quot;_ha_eqh_enable&quot;:false}\">\n\t\t<div class=\"elementor-element elementor-element-da7079d e-con-full e-flex e-con e-child\" data-id=\"da7079d\" data-element_type=\"container\" data-settings=\"{&quot;background_background&quot;:&quot;classic&quot;,&quot;_ha_eqh_enable&quot;:false}\">\n\t\t\t\t<div class=\"elementor-element elementor-element-adc3ecd elementor-widget elementor-widget-html\" data-id=\"adc3ecd\" data-element_type=\"widget\" data-widget_type=\"html.default\">\n\t\t\t\t<div class=\"elementor-widget-container\">\n\t\t\t\t\t<style>\n  @font-face {\n    font-family: 'Neue Haas Grotesk Display';\n    src: url('https:\/\/juifi.gal\/wp-content\/uploads\/2025\/05\/NeueHaasDisplayRoman.ttf') format('truetype');\n    font-weight: 400;\n    font-style: normal;\n  }\n\n  @font-face {\n    font-family: 'Neue Haas Grotesk Display';\n    src: url('https:\/\/juifi.gal\/wp-content\/uploads\/2025\/05\/NeueHaasDisplayMediu.ttf') format('truetype');\n    font-weight: 700;\n    font-style: normal;\n  }\n\n  #precio-final-3 {\n    text-align: center;\n    color: white;\n    font-family: 'Neue Haas Grotesk Display', sans-serif;\n  }\n\n  #precio-final-3 strong {\n    font-size: 3.0em;\n    font-weight: 700;\n    display: inline-block;\n  }\n\n  #precio-final-3 > span {\n    font-size: 1.5em;\n    font-weight: 700;\n    display: inline-block;\n  }\n\n  .digit-3 {\n    display: inline-block;\n    transition: transform 0.3s ease, opacity 0.3s ease;\n  }\n\n  @keyframes pop-3 {\n    0%   { transform: scale(1); opacity: 1; }\n    50%  { transform: scale(1.4); opacity: 0.6; }\n    100% { transform: scale(1); opacity: 1; }\n  }\n\n  .digit-3.animate-3 {\n    animation: pop-3 0.3s ease-in-out;\n  }\n<\/style>\n\n<div id=\"precio-final-3\">\n  <strong id=\"precio-numero-3\">\n    <span class=\"digit-3\">1<\/span><span class=\"digit-3\">9<\/span>\n  <\/strong>\n  <span>\u20ac\/mes<\/span>\n<\/div>\t\t\t\t<\/div>\n\t\t\t\t<\/div>\n\t\t\t\t<\/div>\n\t\t<div class=\"elementor-element elementor-element-18ba496 e-con-full e-flex e-con e-child\" data-id=\"18ba496\" data-element_type=\"container\" data-settings=\"{&quot;_ha_eqh_enable&quot;:false}\">\n\t\t\t\t<div class=\"elementor-element elementor-element-1680b32 elementor-widget elementor-widget-heading\" data-id=\"1680b32\" data-element_type=\"widget\" data-widget_type=\"heading.default\">\n\t\t\t\t<div class=\"elementor-widget-container\">\n\t\t\t\t\t<h2 class=\"elementor-heading-title elementor-size-default\">PRECIO DEFINITIVO<\/h2>\t\t\t\t<\/div>\n\t\t\t\t<\/div>\n\t\t\t\t<div class=\"elementor-element elementor-element-ae696a5 elementor-widget elementor-widget-heading\" data-id=\"ae696a5\" data-element_type=\"widget\" data-widget_type=\"heading.default\">\n\t\t\t\t<div class=\"elementor-widget-container\">\n\t\t\t\t\t<h2 class=\"elementor-heading-title elementor-size-default\">salvo promociones en curso.<\/h2>\t\t\t\t<\/div>\n\t\t\t\t<\/div>\n\t\t\t\t<\/div>\n\t\t\t\t<\/div>\n\t\t\t\t<\/div>\n\t\t<div class=\"elementor-element elementor-element-4cd0dbc e-con-full e-flex e-con e-child\" data-id=\"4cd0dbc\" data-element_type=\"container\" data-settings=\"{&quot;_ha_eqh_enable&quot;:false}\">\n\t\t\t\t<div class=\"elementor-element elementor-element-706fa3d elementor-widget elementor-widget-ha-creative-button happy-addon ha-creative-button\" data-id=\"706fa3d\" data-element_type=\"widget\" data-widget_type=\"ha-creative-button.default\">\n\t\t\t\t<div class=\"elementor-widget-container\">\n\t\t\t\t\t\t\t<div data-magnetic=\"no\" class=\"ha-creative-btn-wrap\">\n\t\t\t<a class=\"ha-creative-btn ha-stl--hermosa ha-eft--bloom\" href=\"#elementor-action%3Aaction%3Dpopup%3Aopen%26settings%3DeyJpZCI6IjIyNzciLCJ0b2dnbGUiOmZhbHNlfQ%3D%3D\" rel=\"nofollow\"><div><\/div><span>Contratar<\/span><\/a>\n\t\t<\/div>\t\t\t\t<\/div>\n\t\t\t\t<\/div>\n\t\t\t\t<\/div>\n\t\t\t\t<\/div>\n\t\t<div class=\"elementor-element elementor-element-8e5d655 e-con-full e-flex e-con e-child\" data-id=\"8e5d655\" data-element_type=\"container\" data-settings=\"{&quot;_ha_eqh_enable&quot;:false}\">\n\t\t\t\t<div class=\"elementor-element elementor-element-1e70ca5 elementor-widget__width-initial elementor-align-center elementor-widget elementor-widget-lottie\" data-id=\"1e70ca5\" data-element_type=\"widget\" data-settings=\"{&quot;source_json&quot;:{&quot;url&quot;:&quot;https:\\\/\\\/juifi.gal\\\/wp-content\\\/uploads\\\/2025\\\/07\\\/little_guya_animation-1.json&quot;,&quot;id&quot;:2190,&quot;size&quot;:&quot;&quot;,&quot;alt&quot;:&quot;&quot;,&quot;source&quot;:&quot;library&quot;},&quot;loop&quot;:&quot;yes&quot;,&quot;source&quot;:&quot;media_file&quot;,&quot;caption_source&quot;:&quot;none&quot;,&quot;link_to&quot;:&quot;none&quot;,&quot;trigger&quot;:&quot;arriving_to_viewport&quot;,&quot;viewport&quot;:{&quot;unit&quot;:&quot;%&quot;,&quot;size&quot;:&quot;&quot;,&quot;sizes&quot;:{&quot;start&quot;:0,&quot;end&quot;:100}},&quot;play_speed&quot;:{&quot;unit&quot;:&quot;px&quot;,&quot;size&quot;:1,&quot;sizes&quot;:[]},&quot;start_point&quot;:{&quot;unit&quot;:&quot;%&quot;,&quot;size&quot;:0,&quot;sizes&quot;:[]},&quot;end_point&quot;:{&quot;unit&quot;:&quot;%&quot;,&quot;size&quot;:100,&quot;sizes&quot;:[]},&quot;renderer&quot;:&quot;svg&quot;}\" data-widget_type=\"lottie.default\">\n\t\t\t\t<div class=\"elementor-widget-container\">\n\t\t\t\t\t<div class=\"e-lottie__container\"><div class=\"e-lottie__animation\"><\/div><\/div>\t\t\t\t<\/div>\n\t\t\t\t<\/div>\n\t\t\t\t<\/div>\n\t\t\t\t<\/div>\n\t\t<div class=\"elementor-element elementor-element-0615819 e-con-full e-grid e-con e-parent\" data-id=\"0615819\" data-element_type=\"container\" data-settings=\"{&quot;background_background&quot;:&quot;classic&quot;,&quot;_ha_eqh_enable&quot;:false}\">\n\t\t\t\t<div class=\"elementor-element elementor-element-57e10db elementor-widget elementor-widget-ha-creative-button happy-addon ha-creative-button\" data-id=\"57e10db\" data-element_type=\"widget\" data-widget_type=\"ha-creative-button.default\">\n\t\t\t\t<div class=\"elementor-widget-container\">\n\t\t\t\t\t\t\t<div data-magnetic=\"no\" class=\"ha-creative-btn-wrap\">\n\t\t\t<a class=\"ha-creative-btn ha-stl--hermosa ha-eft--bloom\" href=\"https:\/\/juifi.gal\/es\/atopa-o-teu-plan\/\" rel=\"nofollow\"><div><\/div><span>Quiero fibra y m\u00f3bil<\/span><\/a>\n\t\t<\/div>\t\t\t\t<\/div>\n\t\t\t\t<\/div>\n\t\t\t\t<div class=\"elementor-element elementor-element-e0667e0 elementor-widget elementor-widget-ha-creative-button happy-addon ha-creative-button\" data-id=\"e0667e0\" data-element_type=\"widget\" data-widget_type=\"ha-creative-button.default\">\n\t\t\t\t<div class=\"elementor-widget-container\">\n\t\t\t\t\t\t\t<div data-magnetic=\"no\" class=\"ha-creative-btn-wrap\">\n\t\t\t<a class=\"ha-creative-btn ha-stl--hermosa ha-eft--bloom\" href=\"https:\/\/juifi.gal\/es\/so-quero-mobil\/\" rel=\"nofollow\"><div><\/div><span>S\u00f3lo quiero m\u00f3vil<\/span><\/a>\n\t\t<\/div>\t\t\t\t<\/div>\n\t\t\t\t<\/div>\n\t\t\t\t<div class=\"elementor-element elementor-element-e567e30 elementor-widget elementor-widget-ha-creative-button happy-addon ha-creative-button\" data-id=\"e567e30\" data-element_type=\"widget\" data-widget_type=\"ha-creative-button.default\">\n\t\t\t\t<div class=\"elementor-widget-container\">\n\t\t\t\t\t\t\t<div data-magnetic=\"no\" class=\"ha-creative-btn-wrap\">\n\t\t\t<a class=\"ha-creative-btn ha-stl--hermosa ha-eft--bloom\" href=\"https:\/\/juifi.gal\/es\/wimax\/\" rel=\"nofollow\"><div><\/div><span>Sin fibra<\/span><\/a>\n\t\t<\/div>\t\t\t\t<\/div>\n\t\t\t\t<\/div>\n\t\t\t\t<\/div>\n\t\t\t\t<\/div>","protected":false},"excerpt":{"rendered":"<p>JUIFI Fibra Tel\u00e9fono fixo Elixe a t\u00faa fibra 600MB 1GB 19 \u20ac\/mes PREZO DEFINITIVO salvo promoci\u00f3ns en curso Contratar Quero fibra e m\u00f3bil S\u00f3 quero m\u00f3vil Sen fibra<\/p>","protected":false},"author":1,"featured_media":0,"parent":0,"menu_order":0,"comment_status":"closed","ping_status":"closed","template":"","meta":{"footnotes":""},"class_list":["post-2219","page","type-page","status-publish","hentry"],"_links":{"self":[{"href":"https:\/\/juifi.gal\/es\/wp-json\/wp\/v2\/pages\/2219","targetHints":{"allow":["GET"]}}],"collection":[{"href":"https:\/\/juifi.gal\/es\/wp-json\/wp\/v2\/pages"}],"about":[{"href":"https:\/\/juifi.gal\/es\/wp-json\/wp\/v2\/types\/page"}],"author":[{"embeddable":true,"href":"https:\/\/juifi.gal\/es\/wp-json\/wp\/v2\/users\/1"}],"replies":[{"embeddable":true,"href":"https:\/\/juifi.gal\/es\/wp-json\/wp\/v2\/comments?post=2219"}],"version-history":[{"count":49,"href":"https:\/\/juifi.gal\/es\/wp-json\/wp\/v2\/pages\/2219\/revisions"}],"predecessor-version":[{"id":5239,"href":"https:\/\/juifi.gal\/es\/wp-json\/wp\/v2\/pages\/2219\/revisions\/5239"}],"wp:attachment":[{"href":"https:\/\/juifi.gal\/es\/wp-json\/wp\/v2\/media?parent=2219"}],"curies":[{"name":"wp","href":"https:\/\/api.w.org\/{rel}","templated":true}]}}